{"id":6115,"date":"2021-11-08T16:14:03","date_gmt":"2021-11-08T15:14:03","guid":{"rendered":"http:\/\/tastanenergie.com\/hukum-ve-kosullar\/"},"modified":"2026-01-28T17:30:14","modified_gmt":"2026-01-28T16:30:14","slug":"hukum-ve-kosullar","status":"publish","type":"page","link":"http:\/\/tastanenergie.com\/tr\/hukum-ve-kosullar\/","title":{"rendered":"H\u00fck\u00fcm ve Ko\u015fullar"},"content":{"rendered":"<div class=\"wp-block-title\">\n<h2 class=\"wp-block-heading\"><strong>H\u00fck\u00fcm ve Ko\u015fullar<\/strong><\/h2><div class=\"wp-block-title-pattern\"><\/div>\n<\/div>\n<p><\/p>\n\n<p class=\"has-medium-font-size\"><strong>1. Yasal Bilgiler<\/strong><\/p>\n\n<p><a href=\"http:\/\/www.tastanenergie.com?utm_source=chatgpt.com\">www.tastanenergie.com<\/a> sitesi taraf\u0131ndan yay\u0131nlanmaktad\u0131r:<\/p>\n\n<p><strong>TASTAN \u00c9nergie &amp; Montage<\/strong><br\/>Excelsiorlaan 71<br\/>1930 Zaventem \u2013 Bel\u00e7ika<br\/>Gsm : +32 498 02 81 40<br\/>KDV : BE1023.723.845<\/p>\n\n<hr class=\"wp-block-separator has-alpha-channel-opacity\"\/>\n<div class=\"wp-block-title\">\n<h3 class=\"wp-block-heading\">2. Ama\u00e7<\/h3><div class=\"wp-block-title-pattern\"><\/div>\n<\/div>\n<p>Bu genel kullan\u0131m ko\u015fullar\u0131 (bundan sonra &#8220;KK&#8221; olarak an\u0131lacakt\u0131r) <strong>Tastan \u00c9nergie &amp; Montage<\/strong> internet sitesine eri\u015fim ve kullan\u0131m \u015fartlar\u0131n\u0131 tan\u0131mlamay\u0131 ama\u00e7lamaktad\u0131r.<br\/>Bu sitede gezinerek, kullan\u0131c\u0131 bu ko\u015fullar\u0131 okudu\u011funu, anlad\u0131\u011f\u0131n\u0131 ve \u00e7ekincesiz kabul etti\u011fini beyan eder.<\/p>\n\n<hr class=\"wp-block-separator has-alpha-channel-opacity\"\/>\n<div class=\"wp-block-title\">\n<h3 class=\"wp-block-heading\">3. Sunulan Hizmetler<\/h3><div class=\"wp-block-title-pattern\"><\/div>\n<\/div>\n<p>Site, <strong>Tastan \u00c9nergie &amp; Montage<\/strong> faaliyetlerini tan\u0131tmay\u0131 ama\u00e7lamaktad\u0131r, \u00f6zellikle:<\/p>\n\n<ul class=\"wp-block-list\">\n<li>elektrik direklerinin kurulumu,<\/li>\n\n\n\n<li>kablo \u00e7ekimi ve ba\u011flant\u0131s\u0131,<\/li>\n\n\n\n<li>elektrik direklerinin boyas\u0131 ve bak\u0131m\u0131,<\/li>\n\n\n\n<li>baz istasyonlar\u0131n\u0131n kurulumu (r\u00f6le antenleri).<\/li>\n<\/ul>\n\n<p>Site ayr\u0131ca \u015firket hakk\u0131nda genel bilgiler ve ileti\u015fim bilgilerini de sa\u011flar.<\/p>\n\n<hr class=\"wp-block-separator has-alpha-channel-opacity\"\/>\n<div class=\"wp-block-title\">\n<h3 class=\"wp-block-heading\">4. Sorumluluklar<\/h3><div class=\"wp-block-title-pattern\"><\/div>\n<\/div>\n<p><strong>Tastan \u00c9nergie &amp; Montage<\/strong> bu sitede yay\u0131nlanan bilgilerin do\u011frulu\u011funu ve g\u00fcncelli\u011fini sa\u011flamak i\u00e7in elinden geleni yapar. Ancak \u015firket a\u015fa\u011f\u0131dakilerden sorumlu tutulamaz: <\/p>\n\n<ul class=\"wp-block-list\">\n<li>olas\u0131 eksiklikler, yanl\u0131\u015fl\u0131klar veya hatalar,<\/li>\n\n\n\n<li>sitenin kullan\u0131labilirlik kesintileri (bak\u0131m, g\u00fcncelleme, teknik sorun vb.),<\/li>\n\n\n\n<li>siteye eri\u015fim veya kullan\u0131m\u0131ndan kaynaklanan do\u011frudan veya dolayl\u0131 zararlar.<\/li>\n<\/ul>\n\n<hr class=\"wp-block-separator has-alpha-channel-opacity\"\/>\n<div class=\"wp-block-title\">\n<h3 class=\"wp-block-heading\">5. Fikri M\u00fclkiyet<\/h3><div class=\"wp-block-title-pattern\"><\/div>\n<\/div>\n<p>Sitenin t\u00fcm i\u00e7eri\u011fi (metinler, resimler, logolar, grafikler, videolar vb.) aksi belirtilmedik\u00e7e <strong>Tastan \u00c9nergie &amp; Montage<\/strong>&#8216;nin m\u00fcnhas\u0131r m\u00fclkiyetindedir.<br\/>\u00d6nceden yaz\u0131l\u0131 izin al\u0131nmaks\u0131z\u0131n k\u0131smen veya tamamen herhangi bir \u00e7o\u011faltma, da\u011f\u0131t\u0131m, de\u011fi\u015ftirme veya kullan\u0131m kesinlikle yasakt\u0131r.<\/p>\n\n<hr class=\"wp-block-separator has-alpha-channel-opacity\"\/>\n<div class=\"wp-block-title\">\n<h3 class=\"wp-block-heading\">6. D\u0131\u015f Ba\u011flant\u0131lar<\/h3><div class=\"wp-block-title-pattern\"><\/div>\n<\/div>\n<p>Site di\u011fer internet sitelerine ba\u011flant\u0131lar i\u00e7erebilir. <strong>Tastan \u00c9nergie &amp; Montage<\/strong> \u00fczerinde hi\u00e7bir kontrol\u00fc olmayan bu \u00fc\u00e7\u00fcnc\u00fc taraf sitelerin i\u00e7eri\u011fi konusunda hi\u00e7bir sorumluluk kabul etmez.<\/p>\n\n<hr class=\"wp-block-separator has-alpha-channel-opacity\"\/>\n<div class=\"wp-block-title\">\n<h3 class=\"wp-block-heading\">7. Ki\u015fisel Verilerin Korunmas\u0131<\/h3><div class=\"wp-block-title-pattern\"><\/div>\n<\/div>\n<p><strong>Tastan \u00c9nergie &amp; Montage<\/strong> kullan\u0131c\u0131lar\u0131n ki\u015fisel verilerini y\u00fcr\u00fcrl\u00fckteki mevzuata (GDPR \u2013 Genel Veri Koruma Y\u00f6netmeli\u011fi) uygun olarak i\u015flemeyi taahh\u00fct eder.<br\/>Daha fazla bilgi i\u00e7in l\u00fctfen <a href=\"http:\/\/tastanenergie.com\/tr\/gizlilik-politikasi\/?utm_source=chatgpt.com\">Gizlilik Politikam\u0131z\u0131<\/a> inceleyin.<\/p>\n\n<hr class=\"wp-block-separator has-alpha-channel-opacity\"\/>\n<div class=\"wp-block-title\">\n<h3 class=\"wp-block-heading\">8. \u00c7erezler<\/h3><div class=\"wp-block-title-pattern\"><\/div>\n<\/div>\n<p>Site, gezinme deneyimini iyile\u015ftirmek ve ziyaret s\u0131kl\u0131\u011f\u0131n\u0131 analiz etmek i\u00e7in \u00e7erezler kullanabilir. Kullan\u0131c\u0131 istedi\u011fi zaman taray\u0131c\u0131s\u0131n\u0131 bu \u00e7erezleri reddetmek veya silmek i\u00e7in yap\u0131land\u0131rabilir. <\/p>\n\n<hr class=\"wp-block-separator has-alpha-channel-opacity\"\/>\n<div class=\"wp-block-title\">\n<h3 class=\"wp-block-heading\">9. Uygulanacak Hukuk ve Yetkili Mahkeme<\/h3><div class=\"wp-block-title-pattern\"><\/div>\n<\/div>\n<p>Bu ko\u015fullar Bel\u00e7ika hukukuna tabidir.<br\/>Sitenin kullan\u0131m\u0131yla ilgili her t\u00fcrl\u00fc uyu\u015fmazl\u0131k Br\u00fcksel adli b\u00f6lgesi mahkemelerinin m\u00fcnhas\u0131r yetkisinde olacakt\u0131r.<\/p>\n\n<hr class=\"wp-block-separator has-alpha-channel-opacity\"\/>\n<div class=\"wp-block-title\">\n<h3 class=\"wp-block-heading\">10. \u0130leti\u015fim<\/h3><div class=\"wp-block-title-pattern\"><\/div>\n<\/div>\n<p>Bu ko\u015fullarla ilgili herhangi bir sorunuz i\u00e7in a\u015fa\u011f\u0131daki adresten bize ula\u015fabilirsiniz:<\/p>\n\n<p><strong>TASTAN \u00c9nergie &amp; Montage<\/strong><br\/>Excelsiorlaan 71, 1930 Zaventem \u2013 Bel\u00e7ika<br\/>\ud83d\udcde Gsm : +32 498 02 81 40<br\/>\ud83d\udce7 Email : info@tastanenergie.com<\/p>\n\n<p><\/p>\n","protected":false},"excerpt":{"rendered":"<p>H\u00fck\u00fcm ve Ko\u015fullar 1. Yasal Bilgiler www.tastanenergie.com sitesi taraf\u0131ndan yay\u0131nlanmaktad\u0131r: TASTAN \u00c9nergie &amp; MontageExcelsiorlaan 711930 Zaventem \u2013 Bel\u00e7ikaGsm : +32 498 02 81 40KDV : BE1023.723.845 2. Ama\u00e7 Bu genel kullan\u0131m ko\u015fullar\u0131 (bundan sonra &#8220;KK&#8221; olarak an\u0131lacakt\u0131r) Tastan \u00c9nergie &amp; Montage&#8230;<\/p>\n","protected":false},"author":1,"featured_media":0,"parent":0,"menu_order":0,"comment_status":"closed","ping_status":"closed","template":"","meta":{"footnotes":""},"class_list":["post-6115","page","type-page","status-publish","hentry"],"_links":{"self":[{"href":"http:\/\/tastanenergie.com\/tr\/wp-json\/wp\/v2\/pages\/6115","targetHints":{"allow":["GET"]}}],"collection":[{"href":"http:\/\/tastanenergie.com\/tr\/wp-json\/wp\/v2\/pages"}],"about":[{"href":"http:\/\/tastanenergie.com\/tr\/wp-json\/wp\/v2\/types\/page"}],"author":[{"embeddable":true,"href":"http:\/\/tastanenergie.com\/tr\/wp-json\/wp\/v2\/users\/1"}],"replies":[{"embeddable":true,"href":"http:\/\/tastanenergie.com\/tr\/wp-json\/wp\/v2\/comments?post=6115"}],"version-history":[{"count":1,"href":"http:\/\/tastanenergie.com\/tr\/wp-json\/wp\/v2\/pages\/6115\/revisions"}],"predecessor-version":[{"id":6135,"href":"http:\/\/tastanenergie.com\/tr\/wp-json\/wp\/v2\/pages\/6115\/revisions\/6135"}],"wp:attachment":[{"href":"http:\/\/tastanenergie.com\/tr\/wp-json\/wp\/v2\/media?parent=6115"}],"curies":[{"name":"wp","href":"https:\/\/api.w.org\/{rel}","templated":true}]}}