{"id":6091,"date":"2021-11-08T13:13:44","date_gmt":"2021-11-08T12:13:44","guid":{"rendered":"http:\/\/tastanenergie.com\/gizlilik-politikasi\/"},"modified":"2026-01-28T17:27:14","modified_gmt":"2026-01-28T16:27:14","slug":"gizlilik-politikasi","status":"publish","type":"page","link":"http:\/\/tastanenergie.com\/tr\/gizlilik-politikasi\/","title":{"rendered":"Gizlilik Politikas\u0131"},"content":{"rendered":"<div class=\"wp-block-title\">\n<h2 class=\"wp-block-heading\">Biz Kimiz<\/h2><div class=\"wp-block-title-pattern\"><\/div>\n<\/div>\n<p>Web sitemiz: <a href=\"http:\/\/tastanenergie.com?utm_source=chatgpt.com\">http:\/\/tastanenergie.com<\/a><\/p>\n\n<hr class=\"wp-block-separator has-alpha-channel-opacity\"\/>\n<div class=\"wp-block-title\">\n<h3 class=\"wp-block-heading\">Yorumlar<\/h3><div class=\"wp-block-title-pattern\"><\/div>\n<\/div>\n<p>Ziyaret\u00e7iler sitemizde yorum b\u0131rakt\u0131\u011f\u0131nda, yorum formunda belirtilen verileri ve spam tespitine yard\u0131mc\u0131 olmak i\u00e7in ziyaret\u00e7inin IP adresini ve taray\u0131c\u0131 kullan\u0131c\u0131 arac\u0131 dizesini topluyoruz.<\/p>\n\n<p>E-posta adresinizden olu\u015fturulan anonimle\u015ftirilmi\u015f bir dize (hash olarak da adland\u0131r\u0131l\u0131r), Gravatar hizmetini kullan\u0131p kullanmad\u0131\u011f\u0131n\u0131z\u0131 kontrol etmek i\u00e7in Gravatar servisine g\u00f6nderilebilir. Gravatar&#8217;\u0131n gizlilik politikas\u0131na buradan ula\u015fabilirsiniz: <a href=\"https:\/\/automattic.com\/privacy\/?utm_source=chatgpt.com\">https:\/\/automattic.com\/privacy\/<\/a>.<br\/>Yorumunuz onayland\u0131ktan sonra, profil foto\u011fraf\u0131n\u0131z yorumunuzla ba\u011flant\u0131l\u0131 olarak herkese a\u00e7\u0131k bir \u015fekilde g\u00f6r\u00fcnt\u00fclenir. <\/p>\n\n<hr class=\"wp-block-separator has-alpha-channel-opacity\"\/>\n<div class=\"wp-block-title\">\n<h3 class=\"wp-block-heading\">Medya<\/h3><div class=\"wp-block-title-pattern\"><\/div>\n<\/div>\n<p>Web sitesine resim y\u00fcklerken, yerle\u015fik konum verileri (EXIF GPS) i\u00e7eren resimler y\u00fcklemekten ka\u00e7\u0131nmal\u0131s\u0131n. Site ziyaret\u00e7ileri, bu g\u00f6rsellerden konum verilerini indirip \u00e7\u0131karabilir. <\/p>\n\n<hr class=\"wp-block-separator has-alpha-channel-opacity\"\/>\n<div class=\"wp-block-title\">\n<h3 class=\"wp-block-heading\">\u00c7erezler<\/h3><div class=\"wp-block-title-pattern\"><\/div>\n<\/div>\n<p>Sitemize yorum b\u0131rak\u0131rsan, ad\u0131n\u0131, e-posta adresini ve web siteni \u00e7erezlerde kaydetmeyi se\u00e7ebilirsin. Bu, ba\u015fka bir yorum b\u0131rakt\u0131\u011f\u0131nda bilgilerini tekrar girmemen i\u00e7in senin rahatl\u0131\u011f\u0131n i\u00e7indir. Bu \u00e7erezler bir y\u0131l s\u00fcreyle saklan\u0131r.  <\/p>\n\n<p>Giri\u015f sayfam\u0131z\u0131 ziyaret etti\u011finde, taray\u0131c\u0131n\u0131n \u00e7erezleri kabul edip etmedi\u011fini belirlemek i\u00e7in ge\u00e7ici bir \u00e7erez olu\u015fturulur. Bu \u00e7erez ki\u015fisel veri i\u00e7ermez ve taray\u0131c\u0131n kapand\u0131\u011f\u0131nda silinir. <\/p>\n\n<p>Giri\u015f yapt\u0131\u011f\u0131nda, giri\u015f bilgilerini ve ekran g\u00f6r\u00fcnt\u00fcleme tercihlerini kaydetmek i\u00e7in birka\u00e7 \u00e7erez olu\u015fturaca\u011f\u0131z. Giri\u015f \u00e7erezleri iki g\u00fcn ve ekran se\u00e7enekleri \u00e7erezleri bir y\u0131l s\u00fcreyle ge\u00e7erlidir. &#8220;Beni hat\u0131rla&#8221; se\u00e7ene\u011fini i\u015faretlersen, giri\u015f bilgilerin iki hafta boyunca saklan\u0131r. Hesab\u0131ndan \u00e7\u0131k\u0131\u015f yaparsan, giri\u015f \u00e7erezleri silinir.   <\/p>\n\n<p>Bir makaleyi d\u00fczenler veya yay\u0131nlarsan, taray\u0131c\u0131na ek bir \u00e7erez kaydedilir. Bu \u00e7erez ki\u015fisel veri i\u00e7ermez ve sadece d\u00fczenledi\u011fin makalenin ID&#8217;sini g\u00f6sterir. Bir g\u00fcn sonra sona erer.  <\/p>\n\n<hr class=\"wp-block-separator has-alpha-channel-opacity\"\/>\n<div class=\"wp-block-title\">\n<h3 class=\"wp-block-heading\">Di\u011fer Sitelerden Yerle\u015ftirilen \u0130\u00e7erikler<\/h3><div class=\"wp-block-title-pattern\"><\/div>\n<\/div>\n<p>Bu sitedeki makaleler g\u00f6m\u00fcl\u00fc i\u00e7erikler (\u00f6rne\u011fin: videolar, g\u00f6rseller, makaleler, vb.) i\u00e7erebilir. Di\u011fer web sitelerinden g\u00f6m\u00fclen i\u00e7erikler, ziyaret\u00e7inin o web sitesini ziyaret etmesiyle ayn\u0131 \u015fekilde davran\u0131r. <\/p>\n\n<p>Bu web siteleri, hakk\u0131nda veri toplayabilir, \u00e7erez kullanabilir, \u00fc\u00e7\u00fcnc\u00fc taraf takip ara\u00e7lar\u0131 ekleyebilir ve e\u011fer o sitede bir hesab\u0131n varsa, g\u00f6m\u00fcl\u00fc i\u00e7eriklerle olan etkile\u015fimini takip edebilir.<\/p>\n\n<hr class=\"wp-block-separator has-alpha-channel-opacity\"\/>\n<div class=\"wp-block-title\">\n<h3 class=\"wp-block-heading\">Verilerini Kimlerle Payla\u015f\u0131yoruz<\/h3><div class=\"wp-block-title-pattern\"><\/div>\n<\/div>\n<p>\u015eifre s\u0131f\u0131rlama talebinde bulunursan, IP adresin s\u0131f\u0131rlama e-postas\u0131na dahil edilecektir.<\/p>\n\n<hr class=\"wp-block-separator has-alpha-channel-opacity\"\/>\n<div class=\"wp-block-title\">\n<h3 class=\"wp-block-heading\">Verilerinin Saklanma S\u00fcresi<\/h3><div class=\"wp-block-title-pattern\"><\/div>\n<\/div>\n<p>Bir yorum b\u0131rakt\u0131\u011f\u0131nda, yorum ve meta verileri s\u00fcresiz olarak saklan\u0131r. B\u00f6ylece, takip eden yorumlar\u0131n\u0131 moderasyon kuyru\u011funda tutmak yerine otomatik olarak tan\u0131yabilir ve onaylayabiliriz. <\/p>\n\n<p>Sitemize kay\u0131t olan kullan\u0131c\u0131lar i\u00e7in (varsa), profillerinde belirttikleri ki\u015fisel verileri de saklar\u0131z. T\u00fcm kullan\u0131c\u0131lar ki\u015fisel bilgilerini istedikleri zaman g\u00f6r\u00fcnt\u00fcleyebilir, d\u00fczenleyebilir veya silebilir (kullan\u0131c\u0131 ad\u0131 hari\u00e7). Site y\u00f6neticileri de bu bilgileri g\u00f6r\u00fcnt\u00fcleyebilir ve d\u00fczenleyebilir.  <\/p>\n\n<hr class=\"wp-block-separator has-alpha-channel-opacity\"\/>\n<div class=\"wp-block-title\">\n<h3 class=\"wp-block-heading\">Verilerin \u00dczerindeki Haklar\u0131n<\/h3><div class=\"wp-block-title-pattern\"><\/div>\n<\/div>\n<p>Bir hesab\u0131n varsa veya sitede yorum b\u0131rakt\u0131ysan, bize sa\u011flad\u0131\u011f\u0131n veriler dahil olmak \u00fczere, hakk\u0131nda sahip oldu\u011fumuz t\u00fcm ki\u015fisel verileri i\u00e7eren bir dosya almay\u0131 talep edebilirsin. Ayr\u0131ca, hakk\u0131nda tuttu\u011fumuz ki\u015fisel verilerin silinmesini de talep edebilirsin.<br\/>Bu, y\u00f6netimsel, yasal veya g\u00fcvenlik ama\u00e7lar\u0131yla saklanan verileri kapsamaz. <\/p>\n\n<hr class=\"wp-block-separator has-alpha-channel-opacity\"\/>\n<div class=\"wp-block-title\">\n<h3 class=\"wp-block-heading\">Verilerinin Nereye G\u00f6nderildi\u011fi<\/h3><div class=\"wp-block-title-pattern\"><\/div>\n<\/div>\n<p>Ziyaret\u00e7i yorumlar\u0131 otomatik bir spam tespit servisi arac\u0131l\u0131\u011f\u0131yla kontrol edilebilir.<\/p>\n","protected":false},"excerpt":{"rendered":"<p>Biz Kimiz Web sitemiz: http:\/\/tastanenergie.com Yorumlar Ziyaret\u00e7iler sitemizde yorum b\u0131rakt\u0131\u011f\u0131nda, yorum formunda belirtilen verileri ve spam tespitine yard\u0131mc\u0131 olmak i\u00e7in ziyaret\u00e7inin IP adresini ve taray\u0131c\u0131 kullan\u0131c\u0131 arac\u0131 dizesini topluyoruz. E-posta adresinizden olu\u015fturulan anonimle\u015ftirilmi\u015f bir dize (hash olarak da adland\u0131r\u0131l\u0131r), Gravatar hizmetini&#8230;<\/p>\n","protected":false},"author":1,"featured_media":0,"parent":0,"menu_order":0,"comment_status":"closed","ping_status":"open","template":"","meta":{"footnotes":""},"class_list":["post-6091","page","type-page","status-publish","hentry"],"_links":{"self":[{"href":"http:\/\/tastanenergie.com\/tr\/wp-json\/wp\/v2\/pages\/6091","targetHints":{"allow":["GET"]}}],"collection":[{"href":"http:\/\/tastanenergie.com\/tr\/wp-json\/wp\/v2\/pages"}],"about":[{"href":"http:\/\/tastanenergie.com\/tr\/wp-json\/wp\/v2\/types\/page"}],"author":[{"embeddable":true,"href":"http:\/\/tastanenergie.com\/tr\/wp-json\/wp\/v2\/users\/1"}],"replies":[{"embeddable":true,"href":"http:\/\/tastanenergie.com\/tr\/wp-json\/wp\/v2\/comments?post=6091"}],"version-history":[{"count":1,"href":"http:\/\/tastanenergie.com\/tr\/wp-json\/wp\/v2\/pages\/6091\/revisions"}],"predecessor-version":[{"id":6103,"href":"http:\/\/tastanenergie.com\/tr\/wp-json\/wp\/v2\/pages\/6091\/revisions\/6103"}],"wp:attachment":[{"href":"http:\/\/tastanenergie.com\/tr\/wp-json\/wp\/v2\/media?parent=6091"}],"curies":[{"name":"wp","href":"https:\/\/api.w.org\/{rel}","templated":true}]}}